{"id":150,"date":"2020-05-04T14:44:41","date_gmt":"2020-05-04T14:44:41","guid":{"rendered":"https:\/\/fuhrerindustries.ch\/?page_id=150"},"modified":"2020-05-13T13:52:11","modified_gmt":"2020-05-13T13:52:11","slug":"ueber-uns","status":"publish","type":"page","link":"https:\/\/fuhrerindustries.ch\/?page_id=150","title":{"rendered":"\u00dcber uns"},"content":{"rendered":"\n<div style=\"height:50px\" aria-hidden=\"true\" class=\"wp-block-spacer\"><\/div>\n\n\n\n<div style=\"height:50px\" aria-hidden=\"true\" class=\"wp-block-spacer\"><\/div>\n\n\n\n<figure class=\"wp-block-image alignfull is-style-default\"><img decoding=\"async\" loading=\"lazy\" width=\"1500\" height=\"387\" src=\"https:\/\/fuhrerindustries.ch\/wp-content\/uploads\/2020\/05\/IMG_20200506_170127.jpg\" alt=\"\" class=\"wp-image-373\" srcset=\"https:\/\/fuhrerindustries.ch\/wp-content\/uploads\/2020\/05\/IMG_20200506_170127.jpg 1500w, https:\/\/fuhrerindustries.ch\/wp-content\/uploads\/2020\/05\/IMG_20200506_170127-300x77.jpg 300w, https:\/\/fuhrerindustries.ch\/wp-content\/uploads\/2020\/05\/IMG_20200506_170127-1024x264.jpg 1024w, https:\/\/fuhrerindustries.ch\/wp-content\/uploads\/2020\/05\/IMG_20200506_170127-768x198.jpg 768w, https:\/\/fuhrerindustries.ch\/wp-content\/uploads\/2020\/05\/IMG_20200506_170127-416x107.jpg 416w\" sizes=\"(max-width: 1500px) 100vw, 1500px\" \/><\/figure>\n\n\n\n<div style=\"height:50px\" aria-hidden=\"true\" class=\"wp-block-spacer\"><\/div>\n\n\n\n<h2 class=\"has-text-align-center wp-block-heading\">Unsere Dienstleistungen<\/h2>\n\n\n\n<div style=\"height:50px\" aria-hidden=\"true\" class=\"wp-block-spacer\"><\/div>\n\n\n\n<h4 class=\"has-text-align-center wp-block-heading\">AUSF\u00dcHRUNG VON S\u00c4MTLICHEN REPARATURARBEITEN DANK EINER MODERN EINGERICHTETEN WERKSTATT.<\/h4>\n\n\n\n<p class=\"has-text-align-center\">&#8211; Laufwechsel<br>&#8211; Servicearbeiten und Reinigungen an s\u00e4mtlichen Waffen<br>&#8211; Laufmessungen und Beurteilung<br>&#8211; Zielfernrohrmontagen<br>&#8211; Einschiessen von s\u00e4mtlichen Waffen<br>&#8211; Spezielle Anpassungen an Hand- und Faustfeuerwaffen<br>&#8211; Komplett Revision, neu Br\u00fcnieren<\/p>\n\n\n\n<hr class=\"wp-block-separator is-style-wide\"\/>\n\n\n\n<div style=\"height:50px\" aria-hidden=\"true\" class=\"wp-block-spacer\"><\/div>\n\n\n\n<h2 class=\"has-text-align-center wp-block-heading\">Unsere Philosophie<\/h2>\n\n\n\n<hr class=\"wp-block-separator is-style-wide\"\/>\n\n\n\n<div style=\"height:50px\" aria-hidden=\"true\" class=\"wp-block-spacer\"><\/div>\n\n\n\n<p class=\"has-text-align-center\">Klein aber fein.<\/p>\n\n\n\n<p class=\"has-text-align-center\">Ein zufriedener Kunde ist unser oberstes Gut.<\/p>\n\n\n\n<p class=\"has-text-align-center\">Wir bieten unseren Kunden eine massgeschneiderte L\u00f6sung an, individuell und auf die pers\u00f6nlichen Bed\u00fcrfnisse abgestimmt.<\/p>\n\n\n\n<p class=\"has-text-align-center\">Bodenst\u00e4ndig und Kundenorientiert.<\/p>\n","protected":false},"excerpt":{"rendered":"<p>Unsere Dienstleistungen AUSF\u00dcHRUNG VON S\u00c4MTLICHEN REPARATURARBEITEN DANK EINER MODERN EINGERICHTETEN WERKSTATT. &#8211; Laufwechsel&#8211; Servicearbeiten und Reinigungen an s\u00e4mtlichen Waffen&#8211; Laufmessungen und Beurteilung&#8211; Zielfernrohrmontagen&#8211; Einschiessen von s\u00e4mtlichen Waffen&#8211; Spezielle Anpassungen an Hand- und Faustfeuerwaffen&#8211; Komplett Revision, neu Br\u00fcnieren Unsere Philosophie Klein aber fein. Ein zufriedener Kunde ist unser oberstes Gut. Wir bieten unseren Kunden eine massgeschneiderte [&hellip;]<\/p>\n","protected":false},"author":1,"featured_media":0,"parent":0,"menu_order":0,"comment_status":"closed","ping_status":"closed","template":"","meta":{"extendify_custom_stylesheet":""},"uagb_featured_image_src":{"full":false,"thumbnail":false,"medium":false,"medium_large":false,"large":false,"1536x1536":false,"2048x2048":false},"uagb_author_info":{"display_name":"tobiasfuhrer13_h7u1lu42","author_link":"https:\/\/fuhrerindustries.ch\/?author=1"},"uagb_comment_info":0,"uagb_excerpt":"Unsere Dienstleistungen AUSF\u00dcHRUNG VON S\u00c4MTLICHEN REPARATURARBEITEN DANK EINER MODERN EINGERICHTETEN WERKSTATT. &#8211; Laufwechsel&#8211; Servicearbeiten und Reinigungen an s\u00e4mtlichen Waffen&#8211; Laufmessungen und Beurteilung&#8211; Zielfernrohrmontagen&#8211; Einschiessen von s\u00e4mtlichen Waffen&#8211; Spezielle Anpassungen an Hand- und Faustfeuerwaffen&#8211; Komplett Revision, neu Br\u00fcnieren Unsere Philosophie Klein aber fein. Ein zufriedener Kunde ist unser oberstes Gut. Wir bieten unseren Kunden eine massgeschneiderte&hellip;","_links":{"self":[{"href":"https:\/\/fuhrerindustries.ch\/index.php?rest_route=\/wp\/v2\/pages\/150"}],"collection":[{"href":"https:\/\/fuhrerindustries.ch\/index.php?rest_route=\/wp\/v2\/pages"}],"about":[{"href":"https:\/\/fuhrerindustries.ch\/index.php?rest_route=\/wp\/v2\/types\/page"}],"author":[{"embeddable":true,"href":"https:\/\/fuhrerindustries.ch\/index.php?rest_route=\/wp\/v2\/users\/1"}],"replies":[{"embeddable":true,"href":"https:\/\/fuhrerindustries.ch\/index.php?rest_route=%2Fwp%2Fv2%2Fcomments&post=150"}],"version-history":[{"count":9,"href":"https:\/\/fuhrerindustries.ch\/index.php?rest_route=\/wp\/v2\/pages\/150\/revisions"}],"predecessor-version":[{"id":629,"href":"https:\/\/fuhrerindustries.ch\/index.php?rest_route=\/wp\/v2\/pages\/150\/revisions\/629"}],"wp:attachment":[{"href":"https:\/\/fuhrerindustries.ch\/index.php?rest_route=%2Fwp%2Fv2%2Fmedia&parent=150"}],"curies":[{"name":"wp","href":"https:\/\/api.w.org\/{rel}","templated":true}]}}